{"id":1756,"date":"2024-12-02T13:35:14","date_gmt":"2024-12-02T12:35:14","guid":{"rendered":"https:\/\/biopolista.de\/?page_id=1756"},"modified":"2024-12-04T11:03:11","modified_gmt":"2024-12-04T10:03:11","slug":"scientific-advisory-board-2","status":"publish","type":"page","link":"https:\/\/biopolista.de\/deutsch\/scientific-advisory-board-2\/","title":{"rendered":"Wissenschaftlicher Beirat"},"content":{"rendered":"\t\t<div data-elementor-type=\"wp-page\" data-elementor-id=\"1756\" class=\"elementor elementor-1756\" data-elementor-post-type=\"page\">\n\t\t\t\t\t\t<section class=\"elementor-section elementor-top-section elementor-element elementor-element-57d4b856 elementor-section-boxed elementor-section-height-default elementor-section-height-default\" data-id=\"57d4b856\" data-element_type=\"section\" data-e-type=\"section\" data-settings=\"{&quot;background_background&quot;:&quot;classic&quot;,&quot;sticky&quot;:&quot;top&quot;,&quot;sticky_on&quot;:[&quot;desktop&quot;,&quot;tablet&quot;,&quot;mobile&quot;],&quot;sticky_offset&quot;:0,&quot;sticky_effects_offset&quot;:0,&quot;sticky_anchor_link_offset&quot;:0}\">\n\t\t\t\t\t\t<div class=\"elementor-container elementor-column-gap-default\">\n\t\t\t\t\t<div class=\"elementor-column elementor-col-100 elementor-top-column elementor-element elementor-element-7cc1622c\" data-id=\"7cc1622c\" data-element_type=\"column\" data-e-type=\"column\">\n\t\t\t<div class=\"elementor-widget-wrap elementor-element-populated\">\n\t\t\t\t\t\t<div class=\"elementor-element elementor-element-7acafa3e elementor-nav-menu__align-center elementor-nav-menu--dropdown-mobile elementor-nav-menu--stretch elementor-nav-menu__text-align-center elementor-widget__width-initial elementor-nav-menu--toggle elementor-nav-menu--burger elementor-widget elementor-widget-global elementor-global-556 elementor-widget-nav-menu\" data-id=\"7acafa3e\" data-element_type=\"widget\" data-e-type=\"widget\" data-settings=\"{&quot;full_width&quot;:&quot;stretch&quot;,&quot;sticky&quot;:&quot;top&quot;,&quot;layout&quot;:&quot;horizontal&quot;,&quot;submenu_icon&quot;:{&quot;value&quot;:&quot;fas fa-caret-down&quot;,&quot;library&quot;:&quot;fa-solid&quot;},&quot;toggle&quot;:&quot;burger&quot;,&quot;sticky_on&quot;:[&quot;desktop&quot;,&quot;tablet&quot;,&quot;mobile&quot;],&quot;sticky_offset&quot;:0,&quot;sticky_effects_offset&quot;:0,&quot;sticky_anchor_link_offset&quot;:0}\" data-widget_type=\"nav-menu.default\">\n\t\t\t\t<div class=\"elementor-widget-container\">\n\t\t\t\t\t\t\t\t<nav aria-label=\"Menu\" class=\"elementor-nav-menu--main elementor-nav-menu__container elementor-nav-menu--layout-horizontal e--pointer-underline e--animation-grow\">\n\t\t\t\t<ul id=\"menu-1-7acafa3e\" class=\"elementor-nav-menu\"><li class=\"menu-item menu-item-type-post_type menu-item-object-page menu-item-home menu-item-441\"><a href=\"https:\/\/biopolista.de\/deutsch\/\" class=\"elementor-item\">Home<\/a><\/li>\n<li class=\"menu-item menu-item-type-post_type menu-item-object-page menu-item-158\"><a href=\"https:\/\/biopolista.de\/deutsch\/team\/\" class=\"elementor-item\">Team<\/a><\/li>\n<li class=\"menu-item menu-item-type-post_type menu-item-object-page menu-item-1761\"><a href=\"https:\/\/biopolista.de\/deutsch\/scientific-advisory-board-2\/\" class=\"elementor-item\">Scientific Advisory Board<\/a><\/li>\n<li class=\"menu-item menu-item-type-post_type menu-item-object-page menu-item-929\"><a href=\"https:\/\/biopolista.de\/deutsch\/news\/\" class=\"elementor-item\">News<\/a><\/li>\n<li class=\"menu-item menu-item-type-post_type menu-item-object-page menu-item-408\"><a href=\"https:\/\/biopolista.de\/deutsch\/publications\/\" class=\"elementor-item\">Publications<\/a><\/li>\n<li class=\"menu-item menu-item-type-post_type menu-item-object-page menu-item-311\"><a href=\"https:\/\/biopolista.de\/deutsch\/kontakt\/\" class=\"elementor-item\">Contact<\/a><\/li>\n<li class=\"trp-language-switcher-container menu-item menu-item-type-post_type menu-item-object-language_switcher menu-item-has-children current-language-menu-item menu-item-748\"><a href=\"https:\/\/biopolista.de\/deutsch\/wp-json\/wp\/v2\/pages\/1756#TRPLINKPROCESSED\" class=\"elementor-item elementor-item-anchor\"><span data-no-translation><span class=\"trp-ls-language-name\">DEUTSCH<\/span><\/span><\/a>\n<ul class=\"sub-menu elementor-nav-menu--dropdown\">\n\t<li class=\"trp-language-switcher-container menu-item menu-item-type-post_type menu-item-object-language_switcher current-language-menu-item menu-item-749\"><a href=\"https:\/\/biopolista.de\/deutsch\/wp-json\/wp\/v2\/pages\/1756#TRPLINKPROCESSED\" class=\"elementor-sub-item elementor-item-anchor\"><span data-no-translation><span class=\"trp-ls-language-name\">ENGLISH<\/span><\/span><\/a><\/li>\n<\/ul>\n<\/li>\n<\/ul>\t\t\t<\/nav>\n\t\t\t\t\t<div class=\"elementor-menu-toggle\" role=\"button\" tabindex=\"0\" aria-label=\"Men\u00fc Umschalter\" aria-expanded=\"false\">\n\t\t\t<i aria-hidden=\"true\" role=\"presentation\" class=\"elementor-menu-toggle__icon--open eicon-menu-bar\"><\/i><i aria-hidden=\"true\" role=\"presentation\" class=\"elementor-menu-toggle__icon--close eicon-close\"><\/i>\t\t<\/div>\n\t\t\t\t\t<nav class=\"elementor-nav-menu--dropdown elementor-nav-menu__container\" aria-hidden=\"true\">\n\t\t\t\t<ul id=\"menu-2-7acafa3e\" class=\"elementor-nav-menu\"><li class=\"menu-item menu-item-type-post_type menu-item-object-page menu-item-home menu-item-441\"><a href=\"https:\/\/biopolista.de\/deutsch\/\" class=\"elementor-item\" tabindex=\"-1\">Home<\/a><\/li>\n<li class=\"menu-item menu-item-type-post_type menu-item-object-page menu-item-158\"><a href=\"https:\/\/biopolista.de\/deutsch\/team\/\" class=\"elementor-item\" tabindex=\"-1\">Team<\/a><\/li>\n<li class=\"menu-item menu-item-type-post_type menu-item-object-page menu-item-1761\"><a href=\"https:\/\/biopolista.de\/deutsch\/scientific-advisory-board-2\/\" class=\"elementor-item\" tabindex=\"-1\">Scientific Advisory Board<\/a><\/li>\n<li class=\"menu-item menu-item-type-post_type menu-item-object-page menu-item-929\"><a href=\"https:\/\/biopolista.de\/deutsch\/news\/\" class=\"elementor-item\" tabindex=\"-1\">News<\/a><\/li>\n<li class=\"menu-item menu-item-type-post_type menu-item-object-page menu-item-408\"><a href=\"https:\/\/biopolista.de\/deutsch\/publications\/\" class=\"elementor-item\" tabindex=\"-1\">Publications<\/a><\/li>\n<li class=\"menu-item menu-item-type-post_type menu-item-object-page menu-item-311\"><a href=\"https:\/\/biopolista.de\/deutsch\/kontakt\/\" class=\"elementor-item\" tabindex=\"-1\">Contact<\/a><\/li>\n<li class=\"trp-language-switcher-container menu-item menu-item-type-post_type menu-item-object-language_switcher menu-item-has-children current-language-menu-item menu-item-748\"><a href=\"https:\/\/biopolista.de\/deutsch\/wp-json\/wp\/v2\/pages\/1756#TRPLINKPROCESSED\" class=\"elementor-item elementor-item-anchor\" tabindex=\"-1\"><span data-no-translation><span class=\"trp-ls-language-name\">DEUTSCH<\/span><\/span><\/a>\n<ul class=\"sub-menu elementor-nav-menu--dropdown\">\n\t<li class=\"trp-language-switcher-container menu-item menu-item-type-post_type menu-item-object-language_switcher current-language-menu-item menu-item-749\"><a href=\"https:\/\/biopolista.de\/deutsch\/wp-json\/wp\/v2\/pages\/1756#TRPLINKPROCESSED\" class=\"elementor-sub-item elementor-item-anchor\" tabindex=\"-1\"><span data-no-translation><span class=\"trp-ls-language-name\">ENGLISH<\/span><\/span><\/a><\/li>\n<\/ul>\n<\/li>\n<\/ul>\t\t\t<\/nav>\n\t\t\t\t\t\t<\/div>\n\t\t\t\t<\/div>\n\t\t\t\t\t<\/div>\n\t\t<\/div>\n\t\t\t\t\t<\/div>\n\t\t<\/section>\n\t\t\t\t<section class=\"elementor-section elementor-top-section elementor-element elementor-element-34c7557e elementor-section-height-min-height elementor-section-boxed elementor-section-height-default elementor-section-items-middle\" data-id=\"34c7557e\" data-element_type=\"section\" data-e-type=\"section\" data-settings=\"{&quot;background_background&quot;:&quot;classic&quot;}\">\n\t\t\t\t\t\t<div class=\"elementor-container elementor-column-gap-default\">\n\t\t\t\t\t<div class=\"elementor-column elementor-col-100 elementor-top-column elementor-element elementor-element-7a758db3\" data-id=\"7a758db3\" data-element_type=\"column\" data-e-type=\"column\">\n\t\t\t<div class=\"elementor-widget-wrap elementor-element-populated\">\n\t\t\t\t\t\t<div class=\"elementor-element elementor-element-41ca9825 elementor-widget__width-initial elementor-widget-tablet__width-initial elementor-widget-mobile__width-initial elementor-widget elementor-widget-heading\" data-id=\"41ca9825\" data-element_type=\"widget\" data-e-type=\"widget\" data-widget_type=\"heading.default\">\n\t\t\t\t<div class=\"elementor-widget-container\">\n\t\t\t\t\t<h2 class=\"elementor-heading-title elementor-size-default\">SCIENTIFIC ADVISORY BOARD <\/h2>\t\t\t\t<\/div>\n\t\t\t\t<\/div>\n\t\t\t\t\t<\/div>\n\t\t<\/div>\n\t\t\t\t\t<\/div>\n\t\t<\/section>\n\t\t\t\t<section class=\"elementor-section elementor-top-section elementor-element elementor-element-2a926c9 elementor-section-boxed elementor-section-height-default elementor-section-height-default\" data-id=\"2a926c9\" data-element_type=\"section\" data-e-type=\"section\">\n\t\t\t\t\t\t<div class=\"elementor-container elementor-column-gap-default\">\n\t\t\t\t\t<div class=\"elementor-column elementor-col-100 elementor-top-column elementor-element elementor-element-75d61c86\" data-id=\"75d61c86\" data-element_type=\"column\" data-e-type=\"column\">\n\t\t\t<div class=\"elementor-widget-wrap elementor-element-populated\">\n\t\t\t\t\t\t<div class=\"elementor-element elementor-element-36b7eed6 elementor-widget elementor-widget-spacer\" data-id=\"36b7eed6\" data-element_type=\"widget\" data-e-type=\"widget\" data-widget_type=\"spacer.default\">\n\t\t\t\t<div class=\"elementor-widget-container\">\n\t\t\t\t\t\t\t<div class=\"elementor-spacer\">\n\t\t\t<div class=\"elementor-spacer-inner\"><\/div>\n\t\t<\/div>\n\t\t\t\t\t\t<\/div>\n\t\t\t\t<\/div>\n\t\t\t\t\t<\/div>\n\t\t<\/div>\n\t\t\t\t\t<\/div>\n\t\t<\/section>\n\t\t\t\t<section class=\"elementor-section elementor-top-section elementor-element elementor-element-730f1e39 elementor-section-boxed elementor-section-height-default elementor-section-height-default\" data-id=\"730f1e39\" data-element_type=\"section\" data-e-type=\"section\">\n\t\t\t\t\t\t<div class=\"elementor-container elementor-column-gap-default\">\n\t\t\t\t\t<div class=\"elementor-column elementor-col-100 elementor-top-column elementor-element elementor-element-cbe1ea\" data-id=\"cbe1ea\" data-element_type=\"column\" data-e-type=\"column\">\n\t\t\t<div class=\"elementor-widget-wrap\">\n\t\t\t\t\t\t\t<\/div>\n\t\t<\/div>\n\t\t\t\t\t<\/div>\n\t\t<\/section>\n\t\t\t\t<section class=\"elementor-section elementor-top-section elementor-element elementor-element-0c57ad9 elementor-section-boxed elementor-section-height-default elementor-section-height-default\" data-id=\"0c57ad9\" data-element_type=\"section\" data-e-type=\"section\">\n\t\t\t\t\t\t<div class=\"elementor-container elementor-column-gap-default\">\n\t\t\t\t\t<div class=\"elementor-column elementor-col-25 elementor-top-column elementor-element elementor-element-9e42ba7\" data-id=\"9e42ba7\" data-element_type=\"column\" data-e-type=\"column\">\n\t\t\t<div class=\"elementor-widget-wrap elementor-element-populated\">\n\t\t\t\t\t\t<div class=\"elementor-element elementor-element-0563c45 elementor-widget__width-initial elementor-position-top elementor-widget elementor-widget-image-box\" data-id=\"0563c45\" data-element_type=\"widget\" data-e-type=\"widget\" data-widget_type=\"image-box.default\">\n\t\t\t\t<div class=\"elementor-widget-container\">\n\t\t\t\t\t<div class=\"elementor-image-box-wrapper\"><figure class=\"elementor-image-box-img\"><a href=\"https:\/\/www.ne.ovgu.de\/Team\/Prof_+Dr_+Michael+B%C3%B6cher-p-318.html\" target=\"_blank\" tabindex=\"-1\"><img decoding=\"async\" src=\"https:\/\/biopolista.de\/wp-content\/uploads\/elementor\/thumbs\/Boecher-Oktober-2023-scaled-qxwqlx9grel2lyfibup91w4qmnkfog7p6bbbk79g38.jpg\" title=\"Prof. Dr. Michael B\u00f6cher\" alt=\"Prof. Dr. Michael B\u00f6cher\" class=\"elementor-animation-grow\" loading=\"lazy\" \/><\/a><\/figure><div class=\"elementor-image-box-content\"><h5 class=\"elementor-image-box-title\"><a href=\"https:\/\/www.ne.ovgu.de\/Team\/Prof_+Dr_+Michael+B%C3%B6cher-p-318.html\" target=\"_blank\">Prof. Dr. Michael B\u00f6cher<\/a><\/h5><p class=\"elementor-image-box-description\">Department of Social Sciences, Otto-von-Guericke-University Magdeburg<\/p><\/div><\/div>\t\t\t\t<\/div>\n\t\t\t\t<\/div>\n\t\t\t\t\t<\/div>\n\t\t<\/div>\n\t\t\t\t<div class=\"elementor-column elementor-col-25 elementor-top-column elementor-element elementor-element-2154fb6\" data-id=\"2154fb6\" data-element_type=\"column\" data-e-type=\"column\">\n\t\t\t<div class=\"elementor-widget-wrap elementor-element-populated\">\n\t\t\t\t\t\t<div class=\"elementor-element elementor-element-a1b3fcb elementor-widget__width-initial elementor-position-top elementor-widget elementor-widget-image-box\" data-id=\"a1b3fcb\" data-element_type=\"widget\" data-e-type=\"widget\" data-widget_type=\"image-box.default\">\n\t\t\t\t<div class=\"elementor-widget-container\">\n\t\t\t\t\t<div class=\"elementor-image-box-wrapper\"><figure class=\"elementor-image-box-img\"><a href=\"https:\/\/www.agrar.hu-berlin.de\/de\/institut\/departments\/daoe\/apol\/mitarbeiter\/PHF\" target=\"_blank\" tabindex=\"-1\"><img decoding=\"async\" src=\"https:\/\/biopolista.de\/wp-content\/uploads\/elementor\/thumbs\/Prof.-Dr.-Peter-H.-Feindt-e1733130577574-qxwqtv0eh1g8newfza7u3w0v7sg0ofq3llmxgbhrjo.jpg\" title=\"Prof. Dr. Peter H. Feindt\" alt=\"Prof. Dr. Peter H. Feindt\" class=\"elementor-animation-grow\" loading=\"lazy\" \/><\/a><\/figure><div class=\"elementor-image-box-content\"><h5 class=\"elementor-image-box-title\"><a href=\"https:\/\/www.agrar.hu-berlin.de\/de\/institut\/departments\/daoe\/apol\/mitarbeiter\/PHF\" target=\"_blank\">Prof. Dr. Peter H. Feindt<\/a><\/h5><p class=\"elementor-image-box-description\">Thaer-Institute of Agricultural and Horticultural Sciences, Humboldt-Universit\u00e4t zu Berlin<\/p><\/div><\/div>\t\t\t\t<\/div>\n\t\t\t\t<\/div>\n\t\t\t\t\t<\/div>\n\t\t<\/div>\n\t\t\t\t<div class=\"elementor-column elementor-col-25 elementor-top-column elementor-element elementor-element-526704b\" data-id=\"526704b\" data-element_type=\"column\" data-e-type=\"column\">\n\t\t\t<div class=\"elementor-widget-wrap elementor-element-populated\">\n\t\t\t\t\t\t<div class=\"elementor-element elementor-element-41279b2 elementor-widget__width-initial elementor-position-top elementor-widget elementor-widget-image-box\" data-id=\"41279b2\" data-element_type=\"widget\" data-e-type=\"widget\" data-widget_type=\"image-box.default\">\n\t\t\t\t<div class=\"elementor-widget-container\">\n\t\t\t\t\t<div class=\"elementor-image-box-wrapper\"><figure class=\"elementor-image-box-img\"><a href=\"https:\/\/www.agrar.hu-berlin.de\/de\/institut\/departments\/daoe\/apol\/mitarbeiter\/FF\" target=\"_blank\" tabindex=\"-1\"><img decoding=\"async\" src=\"https:\/\/biopolista.de\/wp-content\/uploads\/elementor\/thumbs\/Fischer-1-e1733132378364-qxws4vvqdntnh4lge3yxciu12qo2rbeoeckernrq9g.jpg\" title=\"Prof. Dr. Frank Fischer\" alt=\"Prof. Dr. Frank Fischer\" class=\"elementor-animation-grow\" loading=\"lazy\" \/><\/a><\/figure><div class=\"elementor-image-box-content\"><h5 class=\"elementor-image-box-title\"><a href=\"https:\/\/www.agrar.hu-berlin.de\/de\/institut\/departments\/daoe\/apol\/mitarbeiter\/FF\" target=\"_blank\">Prof. Dr. Frank Fischer<\/a><\/h5><p class=\"elementor-image-box-description\">Thaer-Institute of Agricultural and Horticultural Sciences, Humboldt-Universit\u00e4t zu Berlin<\/p><\/div><\/div>\t\t\t\t<\/div>\n\t\t\t\t<\/div>\n\t\t\t\t\t<\/div>\n\t\t<\/div>\n\t\t\t\t<div class=\"elementor-column elementor-col-25 elementor-top-column elementor-element elementor-element-f4ccf0c\" data-id=\"f4ccf0c\" data-element_type=\"column\" data-e-type=\"column\">\n\t\t\t<div class=\"elementor-widget-wrap elementor-element-populated\">\n\t\t\t\t\t\t<div class=\"elementor-element elementor-element-fa4ac4f elementor-widget__width-initial elementor-position-top elementor-widget elementor-widget-image-box\" data-id=\"fa4ac4f\" data-element_type=\"widget\" data-e-type=\"widget\" data-widget_type=\"image-box.default\">\n\t\t\t\t<div class=\"elementor-widget-container\">\n\t\t\t\t\t<div class=\"elementor-image-box-wrapper\"><figure class=\"elementor-image-box-img\"><a href=\"https:\/\/www.forstpolitik-umweltpolitik.uni-freiburg.de\/team\/ma-fopof\/C.V%20Daniela%20Kleinschmit-en\" target=\"_blank\" tabindex=\"-1\"><img decoding=\"async\" src=\"https:\/\/biopolista.de\/wp-content\/uploads\/elementor\/thumbs\/Prof.-Dr.-Daniela-Kleinschmit-scaled-e1733132947533-qxwsjqpwee5sz90kn15n99vb2zfxf3dy3vrou3qpx0.jpg\" title=\"Daniela Kleinschmit\" alt=\"Universit\u00e4ten, Hochschulen, Daniela Kleinschmit am 21.07.2020.\" class=\"elementor-animation-grow\" loading=\"lazy\" \/><\/a><\/figure><div class=\"elementor-image-box-content\"><h5 class=\"elementor-image-box-title\"><a href=\"https:\/\/www.forstpolitik-umweltpolitik.uni-freiburg.de\/team\/ma-fopof\/C.V%20Daniela%20Kleinschmit-en\" target=\"_blank\">Prof. Dr. Daniela Kleinschmit<\/a><\/h5><p class=\"elementor-image-box-description\">Institute of Forest Sciences, \nUniversity of Freiburg<\/p><\/div><\/div>\t\t\t\t<\/div>\n\t\t\t\t<\/div>\n\t\t\t\t\t<\/div>\n\t\t<\/div>\n\t\t\t\t\t<\/div>\n\t\t<\/section>\n\t\t\t\t<section class=\"elementor-section elementor-top-section elementor-element elementor-element-132ce3a elementor-section-boxed elementor-section-height-default elementor-section-height-default\" data-id=\"132ce3a\" data-element_type=\"section\" data-e-type=\"section\">\n\t\t\t\t\t\t<div class=\"elementor-container elementor-column-gap-default\">\n\t\t\t\t\t<div class=\"elementor-column elementor-col-25 elementor-top-column elementor-element elementor-element-3432be7\" data-id=\"3432be7\" data-element_type=\"column\" data-e-type=\"column\">\n\t\t\t<div class=\"elementor-widget-wrap elementor-element-populated\">\n\t\t\t\t\t\t<div class=\"elementor-element elementor-element-96c9bf6 elementor-widget__width-initial elementor-position-top elementor-widget elementor-widget-image-box\" data-id=\"96c9bf6\" data-element_type=\"widget\" data-e-type=\"widget\" data-widget_type=\"image-box.default\">\n\t\t\t\t<div class=\"elementor-widget-container\">\n\t\t\t\t\t<div class=\"elementor-image-box-wrapper\"><figure class=\"elementor-image-box-img\"><a href=\"https:\/\/efi.int\/staff-list\/helga-pulzl\" target=\"_blank\" tabindex=\"-1\"><img decoding=\"async\" src=\"https:\/\/biopolista.de\/wp-content\/uploads\/elementor\/thumbs\/Helga-Puelzl-qxwsnuak7drtm127pay2mqmoch8jzknt066x6jnws4.jpg\" title=\"Helga P\u00fclzl\" alt=\"Helga P\u00fclzl\" class=\"elementor-animation-grow\" loading=\"lazy\" \/><\/a><\/figure><div class=\"elementor-image-box-content\"><h5 class=\"elementor-image-box-title\"><a href=\"https:\/\/efi.int\/staff-list\/helga-pulzl\" target=\"_blank\">Dr. Helga P\u00fclzl <\/a><\/h5><p class=\"elementor-image-box-description\">European Forest Institute, Policy Support Facility<\/p><\/div><\/div>\t\t\t\t<\/div>\n\t\t\t\t<\/div>\n\t\t\t\t\t<\/div>\n\t\t<\/div>\n\t\t\t\t<div class=\"elementor-column elementor-col-25 elementor-top-column elementor-element elementor-element-a4cb889\" data-id=\"a4cb889\" data-element_type=\"column\" data-e-type=\"column\">\n\t\t\t<div class=\"elementor-widget-wrap elementor-element-populated\">\n\t\t\t\t\t\t<div class=\"elementor-element elementor-element-83e6de5 elementor-widget__width-initial elementor-position-top elementor-widget elementor-widget-image-box\" data-id=\"83e6de5\" data-element_type=\"widget\" data-e-type=\"widget\" data-widget_type=\"image-box.default\">\n\t\t\t\t<div class=\"elementor-widget-container\">\n\t\t\t\t\t<div class=\"elementor-image-box-wrapper\"><figure class=\"elementor-image-box-img\"><a href=\"https:\/\/www.kpm.unibe.ch\/about_us\/personen\/geschaeftsleitung\/prof_dr_sager_fritz\/index_eng.html\" target=\"_blank\" tabindex=\"-1\"><img decoding=\"async\" src=\"https:\/\/biopolista.de\/wp-content\/uploads\/elementor\/thumbs\/Fritz-Sager-Visiting-Scholar-2019-2020-e1733133326182-qxwstmyqclph7gn3ut5909z080o1gdo7sv0ppz2ies.jpg\" title=\"Prof. Dr. Fritz Sager\" alt=\"Prof. Dr. Fritz Sager\" class=\"elementor-animation-grow\" loading=\"lazy\" \/><\/a><\/figure><div class=\"elementor-image-box-content\"><h5 class=\"elementor-image-box-title\"><a href=\"https:\/\/www.kpm.unibe.ch\/about_us\/personen\/geschaeftsleitung\/prof_dr_sager_fritz\/index_eng.html\" target=\"_blank\">Prof. Dr. Fritz Sager<\/a><\/h5><p class=\"elementor-image-box-description\">KPM Center for Public Management, \nUniversity of Bern<\/p><\/div><\/div>\t\t\t\t<\/div>\n\t\t\t\t<\/div>\n\t\t\t\t\t<\/div>\n\t\t<\/div>\n\t\t\t\t<div class=\"elementor-column elementor-col-25 elementor-top-column elementor-element elementor-element-c56744f\" data-id=\"c56744f\" data-element_type=\"column\" data-e-type=\"column\">\n\t\t\t<div class=\"elementor-widget-wrap elementor-element-populated\">\n\t\t\t\t\t\t<div class=\"elementor-element elementor-element-bbe62e3 elementor-widget__width-initial elementor-position-top elementor-widget elementor-widget-image-box\" data-id=\"bbe62e3\" data-element_type=\"widget\" data-e-type=\"widget\" data-widget_type=\"image-box.default\">\n\t\t\t\t<div class=\"elementor-widget-container\">\n\t\t\t\t\t<div class=\"elementor-image-box-wrapper\"><figure class=\"elementor-image-box-img\"><a href=\"https:\/\/www.uni-muenster.de\/IfPol\/personen\/siegel.html\" target=\"_blank\" tabindex=\"-1\"><img decoding=\"async\" src=\"https:\/\/biopolista.de\/wp-content\/uploads\/elementor\/thumbs\/Dr.-Karen-Siegel-e1733133962174-qxwta8s338fubgiqvzjz234612thfvli31xixyg4hg.jpg\" title=\"Dr. Karen Siegel\" alt=\"Dr. Karen Siegel\" class=\"elementor-animation-grow\" loading=\"lazy\" \/><\/a><\/figure><div class=\"elementor-image-box-content\"><h5 class=\"elementor-image-box-title\"><a href=\"https:\/\/www.uni-muenster.de\/IfPol\/personen\/siegel.html\" target=\"_blank\"> Dr. Karen Siegel<\/a><\/h5><p class=\"elementor-image-box-description\">The Institute for Political Science,\nUniversity of M\u00fcnster<\/p><\/div><\/div>\t\t\t\t<\/div>\n\t\t\t\t<\/div>\n\t\t\t\t\t<\/div>\n\t\t<\/div>\n\t\t\t\t<div class=\"elementor-column elementor-col-25 elementor-top-column elementor-element elementor-element-884247f\" data-id=\"884247f\" data-element_type=\"column\" data-e-type=\"column\">\n\t\t\t<div class=\"elementor-widget-wrap elementor-element-populated\">\n\t\t\t\t\t\t<div class=\"elementor-element elementor-element-114ce2d elementor-widget__width-initial elementor-position-top elementor-widget elementor-widget-image-box\" data-id=\"114ce2d\" data-element_type=\"widget\" data-e-type=\"widget\" data-widget_type=\"image-box.default\">\n\t\t\t\t<div class=\"elementor-widget-container\">\n\t\t\t\t\t<div class=\"elementor-image-box-wrapper\"><figure class=\"elementor-image-box-img\"><a href=\"https:\/\/www.fernuni-hagen.de\/polis\/lg3\/team\/annette.toeller.shtml\" target=\"_blank\" tabindex=\"-1\"><img decoding=\"async\" src=\"https:\/\/biopolista.de\/wp-content\/uploads\/elementor\/thumbs\/SRU_2024-1095-scaled-qxwtchm7ezii1x9bryhw0ipt47r1tuif261a7r49mc.jpg\" title=\"Foto: Peter Himsel\" alt=\"Foto: Peter Himsel\" class=\"elementor-animation-grow\" loading=\"lazy\" \/><\/a><\/figure><div class=\"elementor-image-box-content\"><h5 class=\"elementor-image-box-title\"><a href=\"https:\/\/www.fernuni-hagen.de\/polis\/lg3\/team\/annette.toeller.shtml\" target=\"_blank\">Prof. Dr. Annette Elisabeth T\u00f6ller<\/a><\/h5><p class=\"elementor-image-box-description\">Institute of Political Science, FernUniversit\u00e4t in Hagen<\/p><\/div><\/div>\t\t\t\t<\/div>\n\t\t\t\t<\/div>\n\t\t\t\t\t<\/div>\n\t\t<\/div>\n\t\t\t\t\t<\/div>\n\t\t<\/section>\n\t\t\t\t<section class=\"elementor-section elementor-top-section elementor-element elementor-element-726a87b1 elementor-section-boxed elementor-section-height-default elementor-section-height-default\" data-id=\"726a87b1\" data-element_type=\"section\" data-e-type=\"section\">\n\t\t\t\t\t\t<div class=\"elementor-container elementor-column-gap-default\">\n\t\t\t\t\t<div class=\"elementor-column elementor-col-100 elementor-top-column elementor-element elementor-element-157aef01\" data-id=\"157aef01\" data-element_type=\"column\" data-e-type=\"column\">\n\t\t\t<div class=\"elementor-widget-wrap\">\n\t\t\t\t\t\t\t<\/div>\n\t\t<\/div>\n\t\t\t\t\t<\/div>\n\t\t<\/section>\n\t\t\t\t<\/div>\n\t\t","protected":false},"excerpt":{"rendered":"<p>SCIENTIFIC ADVISORY BOARD Prof. Dr. Michael B\u00f6cher Department of Social Sciences, Otto-von-Guericke-University Magdeburg Prof. Dr. Peter H. Feindt Thaer-Institute of Agricultural and Horticultural Sciences, Humboldt-Universit\u00e4t zu Berlin Prof. Dr. Frank Fischer Thaer-Institute of Agricultural and Horticultural Sciences, Humboldt-Universit\u00e4t zu Berlin Prof. Dr. Daniela Kleinschmit Institute of Forest Sciences, University of Freiburg Dr. Helga P\u00fclzl European [&hellip;]<\/p>\n","protected":false},"author":7,"featured_media":0,"parent":0,"menu_order":0,"comment_status":"closed","ping_status":"closed","template":"","meta":{"footnotes":""},"class_list":["post-1756","page","type-page","status-publish","hentry"],"_links":{"self":[{"href":"https:\/\/biopolista.de\/deutsch\/wp-json\/wp\/v2\/pages\/1756","targetHints":{"allow":["GET"]}}],"collection":[{"href":"https:\/\/biopolista.de\/deutsch\/wp-json\/wp\/v2\/pages"}],"about":[{"href":"https:\/\/biopolista.de\/deutsch\/wp-json\/wp\/v2\/types\/page"}],"author":[{"embeddable":true,"href":"https:\/\/biopolista.de\/deutsch\/wp-json\/wp\/v2\/users\/7"}],"replies":[{"embeddable":true,"href":"https:\/\/biopolista.de\/deutsch\/wp-json\/wp\/v2\/comments?post=1756"}],"version-history":[{"count":10,"href":"https:\/\/biopolista.de\/deutsch\/wp-json\/wp\/v2\/pages\/1756\/revisions"}],"predecessor-version":[{"id":1812,"href":"https:\/\/biopolista.de\/deutsch\/wp-json\/wp\/v2\/pages\/1756\/revisions\/1812"}],"wp:attachment":[{"href":"https:\/\/biopolista.de\/deutsch\/wp-json\/wp\/v2\/media?parent=1756"}],"curies":[{"name":"wp","href":"https:\/\/api.w.org\/{rel}","templated":true}]}}