{"id":352,"date":"2023-06-06T14:48:02","date_gmt":"2023-06-06T12:48:02","guid":{"rendered":"https:\/\/biopolista.de\/?page_id=352"},"modified":"2024-08-27T08:13:56","modified_gmt":"2024-08-27T06:13:56","slug":"nicolai-schulz","status":"publish","type":"page","link":"https:\/\/biopolista.de\/deutsch\/nicolai-schulz\/","title":{"rendered":"Nicolai Schulz"},"content":{"rendered":"\t\t<div data-elementor-type=\"wp-page\" data-elementor-id=\"352\" class=\"elementor elementor-352\" data-elementor-post-type=\"page\">\n\t\t\t\t\t\t<section class=\"elementor-section elementor-top-section elementor-element elementor-element-a66ae27 elementor-section-boxed elementor-section-height-default elementor-section-height-default\" data-id=\"a66ae27\" data-element_type=\"section\" data-e-type=\"section\" data-settings=\"{&quot;background_background&quot;:&quot;classic&quot;,&quot;sticky&quot;:&quot;top&quot;,&quot;sticky_on&quot;:[&quot;desktop&quot;,&quot;tablet&quot;,&quot;mobile&quot;],&quot;sticky_offset&quot;:0,&quot;sticky_effects_offset&quot;:0,&quot;sticky_anchor_link_offset&quot;:0}\">\n\t\t\t\t\t\t<div class=\"elementor-container elementor-column-gap-default\">\n\t\t\t\t\t<div class=\"elementor-column elementor-col-100 elementor-top-column elementor-element elementor-element-16b8d29\" data-id=\"16b8d29\" data-element_type=\"column\" data-e-type=\"column\">\n\t\t\t<div class=\"elementor-widget-wrap elementor-element-populated\">\n\t\t\t\t\t\t<div class=\"elementor-element elementor-element-8415eae elementor-nav-menu__align-center elementor-nav-menu--dropdown-mobile elementor-nav-menu--stretch elementor-nav-menu__text-align-center elementor-widget__width-initial elementor-nav-menu--toggle elementor-nav-menu--burger elementor-widget elementor-widget-global elementor-global-556 elementor-widget-nav-menu\" data-id=\"8415eae\" data-element_type=\"widget\" data-e-type=\"widget\" data-settings=\"{&quot;full_width&quot;:&quot;stretch&quot;,&quot;sticky&quot;:&quot;top&quot;,&quot;layout&quot;:&quot;horizontal&quot;,&quot;submenu_icon&quot;:{&quot;value&quot;:&quot;fas fa-caret-down&quot;,&quot;library&quot;:&quot;fa-solid&quot;},&quot;toggle&quot;:&quot;burger&quot;,&quot;sticky_on&quot;:[&quot;desktop&quot;,&quot;tablet&quot;,&quot;mobile&quot;],&quot;sticky_offset&quot;:0,&quot;sticky_effects_offset&quot;:0,&quot;sticky_anchor_link_offset&quot;:0}\" data-widget_type=\"nav-menu.default\">\n\t\t\t\t<div class=\"elementor-widget-container\">\n\t\t\t\t\t\t\t\t<nav aria-label=\"Menu\" class=\"elementor-nav-menu--main elementor-nav-menu__container elementor-nav-menu--layout-horizontal e--pointer-underline e--animation-grow\">\n\t\t\t\t<ul id=\"menu-1-8415eae\" class=\"elementor-nav-menu\"><li class=\"menu-item menu-item-type-post_type menu-item-object-page menu-item-home menu-item-441\"><a href=\"https:\/\/biopolista.de\/deutsch\/\" class=\"elementor-item\">Home<\/a><\/li>\n<li class=\"menu-item menu-item-type-post_type menu-item-object-page menu-item-158\"><a href=\"https:\/\/biopolista.de\/deutsch\/team\/\" class=\"elementor-item\">Team<\/a><\/li>\n<li class=\"menu-item menu-item-type-post_type menu-item-object-page menu-item-1761\"><a href=\"https:\/\/biopolista.de\/deutsch\/scientific-advisory-board-2\/\" class=\"elementor-item\">Scientific Advisory Board<\/a><\/li>\n<li class=\"menu-item menu-item-type-post_type menu-item-object-page menu-item-929\"><a href=\"https:\/\/biopolista.de\/deutsch\/news\/\" class=\"elementor-item\">News<\/a><\/li>\n<li class=\"menu-item menu-item-type-post_type menu-item-object-page menu-item-408\"><a href=\"https:\/\/biopolista.de\/deutsch\/publications\/\" class=\"elementor-item\">Publications<\/a><\/li>\n<li class=\"menu-item menu-item-type-post_type menu-item-object-page menu-item-311\"><a href=\"https:\/\/biopolista.de\/deutsch\/kontakt\/\" class=\"elementor-item\">Contact<\/a><\/li>\n<li class=\"trp-language-switcher-container menu-item menu-item-type-post_type menu-item-object-language_switcher menu-item-has-children current-language-menu-item menu-item-748\"><a href=\"https:\/\/biopolista.de\/deutsch\/wp-json\/wp\/v2\/pages\/352#TRPLINKPROCESSED\" class=\"elementor-item elementor-item-anchor\"><span data-no-translation><span class=\"trp-ls-language-name\">DEUTSCH<\/span><\/span><\/a>\n<ul class=\"sub-menu elementor-nav-menu--dropdown\">\n\t<li class=\"trp-language-switcher-container menu-item menu-item-type-post_type menu-item-object-language_switcher current-language-menu-item menu-item-749\"><a href=\"https:\/\/biopolista.de\/deutsch\/wp-json\/wp\/v2\/pages\/352#TRPLINKPROCESSED\" class=\"elementor-sub-item elementor-item-anchor\"><span data-no-translation><span class=\"trp-ls-language-name\">ENGLISH<\/span><\/span><\/a><\/li>\n<\/ul>\n<\/li>\n<\/ul>\t\t\t<\/nav>\n\t\t\t\t\t<div class=\"elementor-menu-toggle\" role=\"button\" tabindex=\"0\" aria-label=\"Men\u00fc Umschalter\" aria-expanded=\"false\">\n\t\t\t<i aria-hidden=\"true\" role=\"presentation\" class=\"elementor-menu-toggle__icon--open eicon-menu-bar\"><\/i><i aria-hidden=\"true\" role=\"presentation\" class=\"elementor-menu-toggle__icon--close eicon-close\"><\/i>\t\t<\/div>\n\t\t\t\t\t<nav class=\"elementor-nav-menu--dropdown elementor-nav-menu__container\" aria-hidden=\"true\">\n\t\t\t\t<ul id=\"menu-2-8415eae\" class=\"elementor-nav-menu\"><li class=\"menu-item menu-item-type-post_type menu-item-object-page menu-item-home menu-item-441\"><a href=\"https:\/\/biopolista.de\/deutsch\/\" class=\"elementor-item\" tabindex=\"-1\">Home<\/a><\/li>\n<li class=\"menu-item menu-item-type-post_type menu-item-object-page menu-item-158\"><a href=\"https:\/\/biopolista.de\/deutsch\/team\/\" class=\"elementor-item\" tabindex=\"-1\">Team<\/a><\/li>\n<li class=\"menu-item menu-item-type-post_type menu-item-object-page menu-item-1761\"><a href=\"https:\/\/biopolista.de\/deutsch\/scientific-advisory-board-2\/\" class=\"elementor-item\" tabindex=\"-1\">Scientific Advisory Board<\/a><\/li>\n<li class=\"menu-item menu-item-type-post_type menu-item-object-page menu-item-929\"><a href=\"https:\/\/biopolista.de\/deutsch\/news\/\" class=\"elementor-item\" tabindex=\"-1\">News<\/a><\/li>\n<li class=\"menu-item menu-item-type-post_type menu-item-object-page menu-item-408\"><a href=\"https:\/\/biopolista.de\/deutsch\/publications\/\" class=\"elementor-item\" tabindex=\"-1\">Publications<\/a><\/li>\n<li class=\"menu-item menu-item-type-post_type menu-item-object-page menu-item-311\"><a href=\"https:\/\/biopolista.de\/deutsch\/kontakt\/\" class=\"elementor-item\" tabindex=\"-1\">Contact<\/a><\/li>\n<li class=\"trp-language-switcher-container menu-item menu-item-type-post_type menu-item-object-language_switcher menu-item-has-children current-language-menu-item menu-item-748\"><a href=\"https:\/\/biopolista.de\/deutsch\/wp-json\/wp\/v2\/pages\/352#TRPLINKPROCESSED\" class=\"elementor-item elementor-item-anchor\" tabindex=\"-1\"><span data-no-translation><span class=\"trp-ls-language-name\">DEUTSCH<\/span><\/span><\/a>\n<ul class=\"sub-menu elementor-nav-menu--dropdown\">\n\t<li class=\"trp-language-switcher-container menu-item menu-item-type-post_type menu-item-object-language_switcher current-language-menu-item menu-item-749\"><a href=\"https:\/\/biopolista.de\/deutsch\/wp-json\/wp\/v2\/pages\/352#TRPLINKPROCESSED\" class=\"elementor-sub-item elementor-item-anchor\" tabindex=\"-1\"><span data-no-translation><span class=\"trp-ls-language-name\">ENGLISH<\/span><\/span><\/a><\/li>\n<\/ul>\n<\/li>\n<\/ul>\t\t\t<\/nav>\n\t\t\t\t\t\t<\/div>\n\t\t\t\t<\/div>\n\t\t\t\t\t<\/div>\n\t\t<\/div>\n\t\t\t\t\t<\/div>\n\t\t<\/section>\n\t\t\t\t<section class=\"elementor-section elementor-top-section elementor-element elementor-element-66352ef elementor-section-boxed elementor-section-height-default elementor-section-height-default\" data-id=\"66352ef\" data-element_type=\"section\" data-e-type=\"section\">\n\t\t\t\t\t\t<div class=\"elementor-container elementor-column-gap-default\">\n\t\t\t\t\t<div class=\"elementor-column elementor-col-100 elementor-top-column elementor-element elementor-element-51960239\" data-id=\"51960239\" data-element_type=\"column\" data-e-type=\"column\">\n\t\t\t<div class=\"elementor-widget-wrap elementor-element-populated\">\n\t\t\t\t\t\t<div class=\"elementor-element elementor-element-250deac2 elementor-widget elementor-widget-heading\" data-id=\"250deac2\" data-element_type=\"widget\" data-e-type=\"widget\" data-widget_type=\"heading.default\">\n\t\t\t\t<div class=\"elementor-widget-container\">\n\t\t\t\t\t<h2 class=\"elementor-heading-title elementor-size-default\">Dr. Nicolai Goritz (n\u00e9 Schulz)<\/h2>\t\t\t\t<\/div>\n\t\t\t\t<\/div>\n\t\t\t\t\t<\/div>\n\t\t<\/div>\n\t\t\t\t\t<\/div>\n\t\t<\/section>\n\t\t\t\t<section class=\"elementor-section elementor-top-section elementor-element elementor-element-767ee6a0 elementor-section-boxed elementor-section-height-default elementor-section-height-default\" data-id=\"767ee6a0\" data-element_type=\"section\" data-e-type=\"section\" data-settings=\"{&quot;background_background&quot;:&quot;classic&quot;}\">\n\t\t\t\t\t\t<div class=\"elementor-container elementor-column-gap-default\">\n\t\t\t\t\t<div class=\"elementor-column elementor-col-33 elementor-top-column elementor-element elementor-element-4d88c7f4\" data-id=\"4d88c7f4\" data-element_type=\"column\" data-e-type=\"column\" data-settings=\"{&quot;background_background&quot;:&quot;classic&quot;}\">\n\t\t\t<div class=\"elementor-widget-wrap elementor-element-populated\">\n\t\t\t\t\t\t<div class=\"elementor-element elementor-element-66bbda31 elementor-widget__width-initial elementor-widget elementor-widget-image\" data-id=\"66bbda31\" data-element_type=\"widget\" data-e-type=\"widget\" data-widget_type=\"image.default\">\n\t\t\t\t<div class=\"elementor-widget-container\">\n\t\t\t\t\t\t\t\t\t\t\t\t\t\t\t<img fetchpriority=\"high\" decoding=\"async\" width=\"683\" height=\"1024\" src=\"https:\/\/biopolista.de\/wp-content\/uploads\/2023\/05\/DSC7845-683x1024.jpg\" class=\"attachment-large size-large wp-image-46\" alt=\"\" srcset=\"https:\/\/biopolista.de\/wp-content\/uploads\/2023\/05\/DSC7845-683x1024.jpg 683w, https:\/\/biopolista.de\/wp-content\/uploads\/2023\/05\/DSC7845-200x300.jpg 200w, https:\/\/biopolista.de\/wp-content\/uploads\/2023\/05\/DSC7845-768x1152.jpg 768w, https:\/\/biopolista.de\/wp-content\/uploads\/2023\/05\/DSC7845-1024x1536.jpg 1024w, https:\/\/biopolista.de\/wp-content\/uploads\/2023\/05\/DSC7845-1365x2048.jpg 1365w, https:\/\/biopolista.de\/wp-content\/uploads\/2023\/05\/DSC7845-scaled.jpg 1707w\" sizes=\"(max-width: 683px) 100vw, 683px\" \/>\t\t\t\t\t\t\t\t\t\t\t\t\t\t\t<\/div>\n\t\t\t\t<\/div>\n\t\t\t\t\t<\/div>\n\t\t<\/div>\n\t\t\t\t<div class=\"elementor-column elementor-col-66 elementor-top-column elementor-element elementor-element-176d9858\" data-id=\"176d9858\" data-element_type=\"column\" data-e-type=\"column\" data-settings=\"{&quot;background_background&quot;:&quot;classic&quot;}\">\n\t\t\t<div class=\"elementor-widget-wrap elementor-element-populated\">\n\t\t\t\t\t\t<div class=\"elementor-element elementor-element-21096737 elementor-widget elementor-widget-text-editor\" data-id=\"21096737\" data-element_type=\"widget\" data-e-type=\"widget\" data-widget_type=\"text-editor.default\">\n\t\t\t\t<div class=\"elementor-widget-container\">\n\t\t\t\t\t\t\t\t\t<p>email: nicolai.schulz(at)hu-berlin.de<br \/>phone: +49(0)30 2093 46313<br \/>fax\u00a0 \u00a0:\u00a0 +49(0)30 2093 46321<\/p>\t\t\t\t\t\t\t\t<\/div>\n\t\t\t\t<\/div>\n\t\t\t\t<div class=\"elementor-element elementor-element-62c24020 elementor-shape-rounded elementor-grid-0 e-grid-align-center elementor-widget elementor-widget-social-icons\" data-id=\"62c24020\" data-element_type=\"widget\" data-e-type=\"widget\" data-widget_type=\"social-icons.default\">\n\t\t\t\t<div class=\"elementor-widget-container\">\n\t\t\t\t\t\t\t<div class=\"elementor-social-icons-wrapper elementor-grid\" role=\"list\">\n\t\t\t\t\t\t\t<span class=\"elementor-grid-item\" role=\"listitem\">\n\t\t\t\t\t<a class=\"elementor-icon elementor-social-icon elementor-social-icon-twitter elementor-repeater-item-46f2f0e\" href=\"https:\/\/x.com\/NicolaiGoritz\" target=\"_blank\">\n\t\t\t\t\t\t<span class=\"elementor-screen-only\">Twitter<\/span>\n\t\t\t\t\t\t<i aria-hidden=\"true\" class=\"fab fa-twitter\"><\/i>\t\t\t\t\t<\/a>\n\t\t\t\t<\/span>\n\t\t\t\t\t\t\t<span class=\"elementor-grid-item\" role=\"listitem\">\n\t\t\t\t\t<a class=\"elementor-icon elementor-social-icon elementor-social-icon-linkedin elementor-repeater-item-9f81ef3\" href=\"https:\/\/www.linkedin.com\/in\/nicolaischulz\/?originalSubdomain=de\" target=\"_blank\">\n\t\t\t\t\t\t<span class=\"elementor-screen-only\">Linkedin<\/span>\n\t\t\t\t\t\t<i aria-hidden=\"true\" class=\"fab fa-linkedin\"><\/i>\t\t\t\t\t<\/a>\n\t\t\t\t<\/span>\n\t\t\t\t\t\t\t<span class=\"elementor-grid-item\" role=\"listitem\">\n\t\t\t\t\t<a class=\"elementor-icon elementor-social-icon elementor-social-icon-wordpress elementor-repeater-item-56f5405\" href=\"https:\/\/x.com\/NicolaiGoritz\" target=\"_blank\">\n\t\t\t\t\t\t<span class=\"elementor-screen-only\">WordPress<\/span>\n\t\t\t\t\t\t<i aria-hidden=\"true\" class=\"fab fa-wordpress\"><\/i>\t\t\t\t\t<\/a>\n\t\t\t\t<\/span>\n\t\t\t\t\t<\/div>\n\t\t\t\t\t\t<\/div>\n\t\t\t\t<\/div>\n\t\t\t\t<div class=\"elementor-element elementor-element-2a20a689 elementor-widget-divider--view-line elementor-widget elementor-widget-divider\" data-id=\"2a20a689\" data-element_type=\"widget\" data-e-type=\"widget\" data-widget_type=\"divider.default\">\n\t\t\t\t<div class=\"elementor-widget-container\">\n\t\t\t\t\t\t\t<div class=\"elementor-divider\">\n\t\t\t<span class=\"elementor-divider-separator\">\n\t\t\t\t\t\t<\/span>\n\t\t<\/div>\n\t\t\t\t\t\t<\/div>\n\t\t\t\t<\/div>\n\t\t\t\t<div class=\"elementor-element elementor-element-3dd2964b elementor-widget elementor-widget-text-editor\" data-id=\"3dd2964b\" data-element_type=\"widget\" data-e-type=\"widget\" data-widget_type=\"text-editor.default\">\n\t\t\t\t<div class=\"elementor-widget-container\">\n\t\t\t\t\t\t\t\t\t<p>Humboldt-Universit\u00e4t zu Berlin<br>Department f\u00fcr Agrar\u00f6konomie<br>Fachgebiet Agrar- und Ern\u00e4hrungspolitik<br>Philippstra\u00dfe 13 &#8211; Haus 12 A<br>D-10115 Berlin<br><\/p>\n<p><\/p>\t\t\t\t\t\t\t\t<\/div>\n\t\t\t\t<\/div>\n\t\t\t\t<div class=\"elementor-element elementor-element-74bd1ec elementor-widget__width-initial elementor-widget-mobile__width-initial elementor-widget elementor-widget-text-editor\" data-id=\"74bd1ec\" data-element_type=\"widget\" data-e-type=\"widget\" data-widget_type=\"text-editor.default\">\n\t\t\t\t<div class=\"elementor-widget-container\">\n\t\t\t\t\t\t\t\t\t<h5><b>Research Interests<\/b><\/h5><ul><li>Comparative Politics of Development<\/li><li>Development Economics<\/li><li>Bioeconomy Policy<\/li><li>Industrial Policy<\/li><li>Industrial Policy<\/li><li>African Politics<\/li><\/ul>\t\t\t\t\t\t\t\t<\/div>\n\t\t\t\t<\/div>\n\t\t\t\t<div class=\"elementor-element elementor-element-7fd0258 elementor-widget__width-initial elementor-widget elementor-widget-text-editor\" data-id=\"7fd0258\" data-element_type=\"widget\" data-e-type=\"widget\" data-widget_type=\"text-editor.default\">\n\t\t\t\t<div class=\"elementor-widget-container\">\n\t\t\t\t\t\t\t\t\t<h5><b>Education<\/b><\/h5><ul><li>10\/2016 \u2013 03\/2020: PhD in International Development (London School of Economics and Political Science [LSE])<\/li><li>09\/2015 \u2013 09\/2016: MRes in Development Studies (LSE)<\/li><li>10\/2013 \u2013 09\/2014: MSc in Development Studies (LSE)<\/li><li>10\/2009 \u2013 03\/2013: BA Politics and Administration (University of Konstanz)<\/li><li>02\/2011 \u2013 07\/2011: Visiting Student (Faculty of Politics and Administration, Universidad de Granada)<\/li><\/ul>\t\t\t\t\t\t\t\t<\/div>\n\t\t\t\t<\/div>\n\t\t\t\t\t<\/div>\n\t\t<\/div>\n\t\t\t\t\t<\/div>\n\t\t<\/section>\n\t\t\t\t<section class=\"elementor-section elementor-top-section elementor-element elementor-element-da2bdf7 elementor-section-boxed elementor-section-height-default elementor-section-height-default\" data-id=\"da2bdf7\" data-element_type=\"section\" data-e-type=\"section\" data-settings=\"{&quot;background_background&quot;:&quot;classic&quot;}\">\n\t\t\t\t\t\t<div class=\"elementor-container elementor-column-gap-default\">\n\t\t\t\t\t<div class=\"elementor-column elementor-col-100 elementor-top-column elementor-element elementor-element-5c327def\" data-id=\"5c327def\" data-element_type=\"column\" data-e-type=\"column\" data-settings=\"{&quot;background_background&quot;:&quot;classic&quot;}\">\n\t\t\t<div class=\"elementor-widget-wrap elementor-element-populated\">\n\t\t\t\t\t\t<div class=\"elementor-element elementor-element-7f960d80 elementor-widget__width-initial elementor-widget-tablet__width-initial elementor-widget elementor-widget-text-editor\" data-id=\"7f960d80\" data-element_type=\"widget\" data-e-type=\"widget\" data-widget_type=\"text-editor.default\">\n\t\t\t\t<div class=\"elementor-widget-container\">\n\t\t\t\t\t\t\t\t\t<h4><span style=\"font-weight: bolder; font-size: 1.25rem;\">Work Experience<\/span><\/h4><ul><li>07\/2020 \u2013 02\/2023: Research Associate within the BMBF-funded research\u00a0project\u00a0<a href=\"https:\/\/www.agrar.hu-berlin.de\/de\/institut\/departments\/daoe\/apol\/forschung\/projekte\/polderbio\" data-linktype=\"external\" data-val=\"https:\/\/www.agrar.hu-berlin.de\/de\/institut\/departments\/daoe\/apol\/forschung\/projekte\/polderbio\">PolDeRBio<\/a>,\u00a0Humboldt-Universit\u00e4t zu Berlin,\u00a0Thaer-Institute for Agricultural and Horticultural Sciences,\u00a0Agricultural and Food Policy Group<\/li><li>08\/2018 \u2013 07\/2020: (Postdoctoral) Research Associate and Co-lead ofthe \u2018Defining and Measuring Political Settlements\u2019 project (EffectiveStates and Inclusive Development Research Centre [ESID], University of Manchester)<\/li><li>01\/2017 \u2013 07\/2018: Research Consultant (Global Development Institute, University of Manchester)<\/li><li>09\/2016 \u2013 01\/2017: Research Assistant to Editor (Journal of Development Studies)<\/li><li>01\/2015 \u2013 03\/2015: Visiting Researcher (German Development Institute [DIE])<\/li><li>2014 &amp; 2017: Consultancy on Tanzanian Human Development Reports 2014 &amp; 2017 (Economic and Social Research Foundation, Tanzania)<\/li><li>05\/2015 \u2013 07\/2015: Consultancy in project &#8220;CADESAN &#8211; Fortalecimientode Capacidades para la Descentralizaci\u00f3n en los Pa\u00edses Andinos&#8221; GIZ, Peru)<\/li><\/ul><div>\u00a0<\/div><div><div><h5><strong>Current Research Projects<\/strong><\/h5><p><strong>BIOPOLISTA<\/strong>: Bioeconomy Policy Implementation in Bioeconomy States \u2013 The Junior Research Group addresses the lack of a comprehensive perspective on the implementation of bioeconomy policies by combining policy analysis approaches with the historical-institutionalist concept of the \u201ebioeconomy state\u201c. On this basis, it examines divergent patterns and causes of bioeconomy policy implementation successes and failures within and across six countries with significant bioeconomies and emerging bioeconomy states (namely, Colombia, France, Germany, Malaysia, South Africa, and the United States of America). Duration: March 2023 \u2013 February 2028.<\/p><\/div><div>\u00a0<\/div><p><span style=\"font-weight: bolder; font-size: 1.25rem;\">Journal Articles\u00a0<\/span><\/p><ul><li>&#8216;<a href=\"https:\/\/authors.elsevier.com\/c\/1eYaX,6yxDKqWh\" data-linktype=\"external\" data-val=\"https:\/\/authors.elsevier.com\/c\/1eYaX,6yxDKqWh\">Using political settlements analysis to explain poverty trends in Ethiopia, Malawi, Rwanda and Tanzania<\/a>&#8216; (2022, with B. Chinsinga, E.H. Weldeghebrael, T. Kelsall, and T.P. Williams) World Development, 153<\/li><li>\u2018The Politics of Export Restrictions: A Panel Data Analysis of African Commodity Processing Industries\u2019. (2020) World Development, 130.<\/li><li>\u2018Dangerous Demographics? The Effect of Urbanisation and Metropolisation on African Civil Wars, 1961\u20132010\u2019. (2015) Civil Wars, 17:3, 291-317<\/li><\/ul><div><div><span style=\"font-weight: bold; font-size: 16px;\">\u00a0<\/span><\/div><div><p><span style=\"font-weight: bolder; font-size: 1.25rem;\">Books<\/span><\/p><div><ul><li>&#8216;<a href=\"https:\/\/global.oup.com\/academic\/product\/political-settlements-and-development-9780192848932?cc=de&amp;lang=en&amp;\" data-linktype=\"external\" data-val=\"https:\/\/global.oup.com\/academic\/product\/political-settlements-and-development-9780192848932?cc=de&amp;lang=en&amp;\">Political Settlements and Development: Theory, Evidence, and Policy<\/a>&#8216; (2022, with T. Kelsall, W. Ferguson, M. v. Hau, S. Hickey, &amp; B. Levy) Oxford University Press<br \/><br \/><\/li><\/ul><\/div><\/div><\/div><p><span style=\"font-weight: bolder; font-size: 1.25rem;\">Other Publications<\/span><\/p><ul><li>\u2018Governing Clean Energy Transitions in China and India\u2019. (2017, with K. Isoaho and A. Goritz)<\/li><li>in Arent, D., Arndt, C., Miller, M., Tarp, F. and Zinaman, O. (eds)The Political Economy of Clean Energy Transitions. Oxford, UK: OxfordUniversity Press.<\/li><\/ul><\/div>\t\t\t\t\t\t\t\t<\/div>\n\t\t\t\t<\/div>\n\t\t\t\t\t<\/div>\n\t\t<\/div>\n\t\t\t\t\t<\/div>\n\t\t<\/section>\n\t\t\t\t<\/div>\n\t\t","protected":false},"excerpt":{"rendered":"<p>Dr. Nicolai Goritz (n\u00e9 Schulz) email: nicolai.schulz(at)hu-berlin.dephone: +49(0)30 2093 46313fax\u00a0 \u00a0:\u00a0 +49(0)30 2093 46321 Twitter Linkedin Wordpress Humboldt-Universit\u00e4t zu BerlinDepartment f\u00fcr Agrar\u00f6konomieFachgebiet Agrar- und Ern\u00e4hrungspolitikPhilippstra\u00dfe 13 &#8211; Haus 12 AD-10115 Berlin Research Interests Comparative Politics of Development Development Economics Bioeconomy Policy Industrial Policy Industrial Policy African Politics Education 10\/2016 \u2013 03\/2020: PhD in International Development [&hellip;]<\/p>\n","protected":false},"author":1,"featured_media":0,"parent":0,"menu_order":0,"comment_status":"closed","ping_status":"closed","template":"","meta":{"footnotes":""},"class_list":["post-352","page","type-page","status-publish","hentry"],"_links":{"self":[{"href":"https:\/\/biopolista.de\/deutsch\/wp-json\/wp\/v2\/pages\/352","targetHints":{"allow":["GET"]}}],"collection":[{"href":"https:\/\/biopolista.de\/deutsch\/wp-json\/wp\/v2\/pages"}],"about":[{"href":"https:\/\/biopolista.de\/deutsch\/wp-json\/wp\/v2\/types\/page"}],"author":[{"embeddable":true,"href":"https:\/\/biopolista.de\/deutsch\/wp-json\/wp\/v2\/users\/1"}],"replies":[{"embeddable":true,"href":"https:\/\/biopolista.de\/deutsch\/wp-json\/wp\/v2\/comments?post=352"}],"version-history":[{"count":10,"href":"https:\/\/biopolista.de\/deutsch\/wp-json\/wp\/v2\/pages\/352\/revisions"}],"predecessor-version":[{"id":1619,"href":"https:\/\/biopolista.de\/deutsch\/wp-json\/wp\/v2\/pages\/352\/revisions\/1619"}],"wp:attachment":[{"href":"https:\/\/biopolista.de\/deutsch\/wp-json\/wp\/v2\/media?parent=352"}],"curies":[{"name":"wp","href":"https:\/\/api.w.org\/{rel}","templated":true}]}}